{"id":1243,"date":"2025-02-04T18:42:25","date_gmt":"2025-02-04T18:42:25","guid":{"rendered":"https:\/\/tapetescontinental.com\/?page_id=1243"},"modified":"2025-02-10T20:23:18","modified_gmt":"2025-02-10T20:23:18","slug":"terminos-y-condiciones","status":"publish","type":"page","link":"https:\/\/tapetescontinental.com\/index.php\/terminos-y-condiciones\/","title":{"rendered":"T\u00e9rminos y condiciones"},"content":{"rendered":"<p>[et_pb_section fb_built=&#8221;1&#8243; fullwidth=&#8221;on&#8221; admin_label=&#8221;Header&#8221; _builder_version=&#8221;4.16&#8243; background_enable_color=&#8221;off&#8221; background_image=&#8221;http:\/\/tapetescontinental.com\/wp-content\/uploads\/2024\/12\/venture_15.jpg&#8221; parallax=&#8221;on&#8221; custom_padding=&#8221;0px|0|0px|0px|false|false&#8221; global_colors_info=&#8221;{}&#8221;][et_pb_fullwidth_header title=&#8221;T\u00e9rminos y Condiciones&#8221; text_orientation=&#8221;center&#8221; content_max_width=&#8221;99%&#8221; admin_label=&#8221;Fullwidth Header&#8221; _builder_version=&#8221;4.16&#8243; title_font=&#8221;Merriweather||||||||&#8221; title_text_align=&#8221;center&#8221; title_font_size=&#8221;80px&#8221; title_line_height=&#8221;1.4em&#8221; content_font=&#8221;Open Sans||||||||&#8221; content_text_align=&#8221;center&#8221; content_font_size=&#8221;18px&#8221; content_line_height=&#8221;1.8em&#8221; background_color=&#8221;rgba(0,0,0,0)&#8221; use_background_color_gradient=&#8221;on&#8221; background_color_gradient_direction=&#8221;140deg&#8221; background_color_gradient_stops=&#8221;rgba(0,0,0,0.9) 0%|rgba(80,103,147,0.5) 100%&#8221; background_color_gradient_start=&#8221;rgba(0,0,0,0.9)&#8221; background_color_gradient_end=&#8221;rgba(80,103,147,0.5)&#8221; background_image=&#8221;http:\/\/tapetescontinental.com\/wp-content\/uploads\/2024\/12\/venture_02.png&#8221; custom_button_one=&#8221;on&#8221; button_one_text_size=&#8221;14px&#8221; button_one_bg_color=&#8221;#ff6d29&#8243; button_one_border_color=&#8221;rgba(0,0,0,0)&#8221; button_one_border_radius=&#8221;0px&#8221; button_one_letter_spacing=&#8221;1px&#8221; button_one_font=&#8221;|700||on|||||&#8221; button_one_custom_padding=&#8221;16px|28px|16px|28px|true|true&#8221; custom_button_two=&#8221;on&#8221; button_two_text_size=&#8221;14px&#8221; button_two_border_width=&#8221;2px&#8221; button_two_border_radius=&#8221;0px&#8221; button_two_letter_spacing=&#8221;1px&#8221; button_two_font=&#8221;|700||on|||||&#8221; button_two_custom_padding=&#8221;16px|28px|16px|28px|true|true&#8221; width=&#8221;100%&#8221; max_width=&#8221;100%&#8221; custom_margin=&#8221;|||&#8221; custom_padding=&#8221;10vw||10vw||true&#8221; custom_padding_tablet=&#8221;||||false|false&#8221; custom_padding_phone=&#8221;|||&#8221; custom_padding_last_edited=&#8221;off|phone&#8221; title_font_size_tablet=&#8221;54px&#8221; title_font_size_phone=&#8221;34px&#8221; title_font_size_last_edited=&#8221;on|phone&#8221; content_font_size_tablet=&#8221;&#8221; content_font_size_phone=&#8221;16px&#8221; content_font_size_last_edited=&#8221;on|phone&#8221; custom_css_header_container=&#8221;max-width: 1080px;||width: 100%;&#8221; button_one_border_color_hover=&#8221;#ff8a3d&#8221; button_one_border_radius_hover=&#8221;100px&#8221; button_one_letter_spacing_hover=&#8221;5px&#8221; button_one_bg_color_hover=&#8221;#ff8a3d&#8221; global_colors_info=&#8221;{}&#8221; button_one_text_size__hover_enabled=&#8221;off&#8221; button_two_text_size__hover_enabled=&#8221;off&#8221; button_one_text_color__hover_enabled=&#8221;off&#8221; button_two_text_color__hover_enabled=&#8221;off&#8221; button_one_border_width__hover_enabled=&#8221;off&#8221; button_two_border_width__hover_enabled=&#8221;off&#8221; button_one_border_color__hover_enabled=&#8221;off&#8221; button_one_border_color__hover=&#8221;#ff8a3d&#8221; button_two_border_color__hover_enabled=&#8221;off&#8221; button_one_border_radius__hover_enabled=&#8221;off&#8221; button_one_border_radius__hover=&#8221;100px&#8221; button_two_border_radius__hover_enabled=&#8221;off&#8221; button_one_letter_spacing__hover_enabled=&#8221;off&#8221; button_one_letter_spacing__hover=&#8221;5px&#8221; button_two_letter_spacing__hover_enabled=&#8221;off&#8221; button_one_bg_color__hover_enabled=&#8221;off&#8221; button_one_bg_color__hover=&#8221;#ff8a3d&#8221; button_two_bg_color__hover_enabled=&#8221;off&#8221;][\/et_pb_fullwidth_header][\/et_pb_section][et_pb_section fb_built=&#8221;1&#8243; admin_label=&#8221;About&#8221; _builder_version=&#8221;4.16&#8243; background_color=&#8221;rgba(0,0,0,0)&#8221; global_colors_info=&#8221;{}&#8221;][et_pb_row custom_padding_last_edited=&#8221;on|desktop&#8221; _builder_version=&#8221;4.21.0&#8243; background_color=&#8221;#ffffff&#8221; custom_margin=&#8221;-15vw|auto||auto|false|false&#8221; custom_margin_tablet=&#8221;-15vw||||false|false&#8221; custom_margin_phone=&#8221;&#8221; custom_margin_last_edited=&#8221;on|desktop&#8221; custom_padding_tablet=&#8221;&#8221; custom_padding_phone=&#8221;&#8221; box_shadow_style=&#8221;preset3&#8243; box_shadow_horizontal=&#8221;13px&#8221; box_shadow_vertical=&#8221;38px&#8221; box_shadow_blur=&#8221;50px&#8221; box_shadow_spread=&#8221;0px&#8221; box_shadow_color=&#8221;rgba(133,143,175,0.2)&#8221; global_colors_info=&#8221;{}&#8221; custom_margin__hover_enabled=&#8221;off&#8221;][et_pb_column type=&#8221;4_4&#8243; _builder_version=&#8221;4.16&#8243; custom_padding=&#8221;60px||60px|60px|true|false&#8221; custom_padding_tablet=&#8221;|60px|||true|false&#8221; custom_padding_phone=&#8221;|30px||30px|true|false&#8221; custom_padding_last_edited=&#8221;on|phone&#8221; global_colors_info=&#8221;{}&#8221;][et_pb_text _builder_version=&#8221;4.21.0&#8243; text_font=&#8221;||||||||&#8221; text_font_size=&#8221;16px&#8221; text_line_height=&#8221;2em&#8221; max_width=&#8221;800px&#8221; text_font_size_tablet=&#8221;&#8221; text_font_size_phone=&#8221;14px&#8221; text_font_size_last_edited=&#8221;on|desktop&#8221; text_line_height_tablet=&#8221;&#8221; text_line_height_phone=&#8221;1.6em&#8221; text_line_height_last_edited=&#8221;on|desktop&#8221; locked=&#8221;off&#8221; global_colors_info=&#8221;{}&#8221;]<\/p>\n<p><strong>cmisT\u00e9rminos y Condiciones de Venta continental tapetes y alfombras s.a.s de c.v.<\/strong><\/p>\n<p>Estos T\u00e9rminos y Condiciones rigen la compra de tapetes de entrada personalizados en<strong>continental tapetes y alfombras s.a.s de c.v.<\/strong>. Al realizar un pedido, el cliente acepta las siguientes condiciones:<\/p>\n<h3>1. <strong>Productos Personalizados<\/strong><\/h3>\n<ul>\n<li>Todos nuestros tapetes de entrada personalizados se fabrican bajo pedido, de acuerdo con las especificaciones proporcionadas por el cliente (dise\u00f1os, tama\u00f1os, colores, etc.).<\/li>\n<li>Debido a la naturaleza personalizada de estos productos, <strong>no se aceptan devoluciones ni reembolsos<\/strong> una vez que el pedido ha sido confirmado y puesto en producci\u00f3n.<\/li>\n<\/ul>\n<h3>2. <strong>Aprobaci\u00f3n del Dise\u00f1o y compra.<\/strong><\/h3>\n<ul>\n<li>Antes de comenzar la producci\u00f3n, se proporcionar\u00e1 al cliente una muestra digital del dise\u00f1o del tapete. Es responsabilidad del cliente revisar y aprobar el dise\u00f1o final.<\/li>\n<li>Una vez aprobado el dise\u00f1o, no se realizar\u00e1n modificaciones ni cancelaciones.<\/li>\n<li>Al realizar el pago y ser trabajos personalizados no hay devoluciones\/ reembolsos, esto de igual forma viene estipulado en la cotizaci\u00f3n.<\/li>\n<\/ul>\n<h3>3. <strong>Plazo de Entrega<\/strong><\/h3>\n<ul>\n<li>El plazo de entrega estimado ser\u00e1 indicado al cliente en el momento de realizar el pedido.<\/li>\n<li><strong>Si la entrega supera el tiempo estimado por causas imputables a la empresa<\/strong>, el cliente tendr\u00e1 derecho a solicitar un reembolso equivalente al <strong>15% del valor total del pedido<\/strong>. Este reembolso no ser\u00e1 aplicable en situaciones fuera del control de la empresa (ej. desastres naturales, retrasos en transporte por terceros, etc.).<\/li>\n<\/ul>\n<h3>4. <strong>Condiciones de Pago<\/strong><\/h3>\n<ul>\n<li>El cliente deber\u00e1 abonar el <strong>50% del valor total del pedido<\/strong> al momento de la confirmaci\u00f3n.<\/li>\n<li>Los pagos podr\u00e1n realizarse mediante , transferencia bancaria, tarjetas de cr\u00e9dito, etc.].<\/li>\n<\/ul>\n<h3>5. <strong>Garant\u00eda de Calidad<\/strong><\/h3>\n<ul>\n<li>Todos nuestros productos est\u00e1n fabricados con materiales de alta calidad. En caso de defectos de fabricaci\u00f3n no relacionados con el dise\u00f1o personalizado, <strong>continental tapetes y alfombras s.a.s de c.v.<\/strong> se compromete a corregir el defecto o reemplazar el producto, siempre que se notifique dentro de los 3 d\u00edas posteriores a la entrega.<\/li>\n<li>Esta garant\u00eda no cubre desgaste por uso, da\u00f1o accidental o mala manipulaci\u00f3n.<\/li>\n<\/ul>\n<h3>6. <strong>Responsabilidad Limitada<\/strong><\/h3>\n<ul>\n<li><strong>continental tapetes y alfombras s.a.s de c.v.<\/strong> no se responsabiliza por errores en el dise\u00f1o o especificaciones proporcionados por el cliente.<\/li>\n<li>La empresa tampoco se responsabiliza por demoras o fallos en la entrega que resulten de eventos fuera de su control, como huelgas, desastres naturales, o retrasos de proveedores.<\/li>\n<\/ul>\n<h3>7. <strong>Modificaciones a los T\u00e9rminos<\/strong><\/h3>\n<ul>\n<li><strong>continental tapetes y alfombras s.a.s de c.v.<\/strong> se reserva el derecho de modificar estos t\u00e9rminos y condiciones sin previo aviso. Las modificaciones solo se aplicar\u00e1n a pedidos realizados despu\u00e9s de la publicaci\u00f3n de dichos cambios.<\/li>\n<li>PUBLICADO 1 ENERO DEL 2024<\/li>\n<\/ul>\n<p>Para cualquier duda o consulta sobre estos t\u00e9rminos, por favor cont\u00e1ctenos a trav\u00e9s de <a href=\"http:\/\/www.tapetescontinental.com\">www.tapetescontinental.com<\/a> <a href=\"mailto:administracion@tapetescontinental.com\">administracion@tapetescontinental.com<\/a><\/p>\n<p><span style=\"color: #333399;\"><em>5566141832<\/em><\/span><\/p>\n<p>[\/et_pb_text][\/et_pb_column][\/et_pb_row][\/et_pb_section][et_pb_section fb_built=&#8221;1&#8243; admin_label=&#8221;Footer&#8221; _builder_version=&#8221;4.16&#8243; custom_padding=&#8221;31px||31px||true|&#8221; global_colors_info=&#8221;{}&#8221;][et_pb_row column_structure=&#8221;1_4,1_4,1_4,1_4&#8243; _builder_version=&#8221;4.16&#8243; global_colors_info=&#8221;{}&#8221;][et_pb_column type=&#8221;1_4&#8243; _builder_version=&#8221;4.16&#8243; global_colors_info=&#8221;{}&#8221;][et_pb_text _builder_version=&#8221;4.21.0&#8243; text_line_height=&#8221;2em&#8221; link_font=&#8221;||||on||||&#8221; link_text_color=&#8221;#3f3fff&#8221; header_font=&#8221;||||||||&#8221; header_4_font=&#8221;Merriweather||||||||&#8221; header_4_font_size=&#8221;16px&#8221; header_4_line_height=&#8221;1.4em&#8221; max_width=&#8221;800px&#8221; header_4_font_size_tablet=&#8221;16px&#8221; header_4_font_size_phone=&#8221;14px&#8221; header_4_font_size_last_edited=&#8221;on|desktop&#8221; locked=&#8221;off&#8221; global_colors_info=&#8221;{}&#8221;]<\/p>\n<h4>Ubicaci\u00f3n Oficina<\/h4>\n<p>Continental 78<br \/>San Miguel, CP 09630, CDMX<\/p>\n<p>[\/et_pb_text][\/et_pb_column][et_pb_column type=&#8221;1_4&#8243; _builder_version=&#8221;4.16&#8243; global_colors_info=&#8221;{}&#8221;][et_pb_text _builder_version=&#8221;4.21.0&#8243; text_line_height=&#8221;2em&#8221; link_font=&#8221;||||on||||&#8221; link_text_color=&#8221;#3f3fff&#8221; header_font=&#8221;||||||||&#8221; header_4_font=&#8221;Merriweather||||||||&#8221; header_4_font_size=&#8221;16px&#8221; header_4_line_height=&#8221;1.4em&#8221; max_width=&#8221;800px&#8221; custom_margin=&#8221;|-45px||||&#8221; custom_padding=&#8221;|0px||||&#8221; header_4_font_size_tablet=&#8221;16px&#8221; header_4_font_size_phone=&#8221;14px&#8221; header_4_font_size_last_edited=&#8221;on|desktop&#8221; locked=&#8221;off&#8221; global_colors_info=&#8221;{}&#8221;]<\/p>\n<h4>Contactanos<\/h4>\n<p>(55) 6614.1832<br \/><a href=\"mailto:info@diviinvestment.com\">administracion@tapetescontinental.com<\/a><\/p>\n<p>[\/et_pb_text][\/et_pb_column][et_pb_column type=&#8221;1_4&#8243; _builder_version=&#8221;4.16&#8243; global_colors_info=&#8221;{}&#8221;][et_pb_text _builder_version=&#8221;4.21.0&#8243; text_line_height=&#8221;2em&#8221; link_font=&#8221;||||on||||&#8221; link_text_color=&#8221;#3f3fff&#8221; header_font=&#8221;||||||||&#8221; header_4_font=&#8221;Merriweather||||||||&#8221; header_4_font_size=&#8221;16px&#8221; header_4_line_height=&#8221;1.4em&#8221; max_width=&#8221;800px&#8221; custom_margin=&#8221;|-64px||15px||&#8221; custom_padding=&#8221;|0px||||&#8221; header_4_font_size_tablet=&#8221;16px&#8221; header_4_font_size_phone=&#8221;14px&#8221; header_4_font_size_last_edited=&#8221;on|desktop&#8221; locked=&#8221;off&#8221; global_colors_info=&#8221;{}&#8221;]<\/p>\n<h4>Horario de Oficina<\/h4>\n<p>Lunes &#8211; viernes: 9am &#8211; 6pm<\/p>\n<p>Sabados: 9am &#8211; 2pm\u00a0 \u00a0Domingos: Cerrado<\/p>\n<p>[\/et_pb_text][\/et_pb_column][et_pb_column type=&#8221;1_4&#8243; _builder_version=&#8221;4.16&#8243; global_colors_info=&#8221;{}&#8221;][et_pb_text _builder_version=&#8221;4.21.0&#8243; text_line_height=&#8221;2em&#8221; link_font=&#8221;||||on||||&#8221; link_text_color=&#8221;#3f3fff&#8221; header_font=&#8221;||||||||&#8221; header_4_font=&#8221;Merriweather||||||||&#8221; header_4_font_size=&#8221;16px&#8221; header_4_line_height=&#8221;1.4em&#8221; max_width=&#8221;800px&#8221; custom_margin=&#8221;||0px|46px|false|false&#8221; header_4_font_size_tablet=&#8221;16px&#8221; header_4_font_size_phone=&#8221;14px&#8221; header_4_font_size_last_edited=&#8221;on|desktop&#8221; locked=&#8221;off&#8221; global_colors_info=&#8221;{}&#8221;]<\/p>\n<h4>\u00a0 \u00a0 Siguenos<\/h4>\n<p>[\/et_pb_text][et_pb_social_media_follow _builder_version=&#8221;4.21.0&#8243; text_orientation=&#8221;left&#8221; custom_padding=&#8221;|||50px||&#8221; filter_invert=&#8221;100%&#8221; border_radii=&#8221;on|100px|100px|100px|100px&#8221; locked=&#8221;off&#8221; global_colors_info=&#8221;{}&#8221;][et_pb_social_media_follow_network social_network=&#8221;facebook&#8221; url=&#8221;https:\/\/www.facebook.com\/profile.php?id=100065286412069&#8243; _builder_version=&#8221;4.21.0&#8243; custom_margin=&#8221;||||false|false&#8221; custom_padding=&#8221;6px|6px|6px|6px|true|true&#8221; global_colors_info=&#8221;{}&#8221; follow_button=&#8221;off&#8221; url_new_window=&#8221;on&#8221;]facebook[\/et_pb_social_media_follow_network][et_pb_social_media_follow_network social_network=&#8221;instagram&#8221; url=&#8221;https:\/\/www.instagram.com\/tapetes.continental.oficial\/?next=%2F&#8221; _builder_version=&#8221;4.21.0&#8243; background_color=&#8221;#000000&#8243; background_enable_color=&#8221;on&#8221; custom_margin=&#8221;||||false|false&#8221; custom_padding=&#8221;6px|6px|6px|6px|true|true&#8221; global_colors_info=&#8221;{}&#8221; follow_button=&#8221;off&#8221; url_new_window=&#8221;on&#8221;]instagram[\/et_pb_social_media_follow_network][\/et_pb_social_media_follow][\/et_pb_column][\/et_pb_row][\/et_pb_section]<\/p>\n","protected":false},"excerpt":{"rendered":"<p>cmisT\u00e9rminos y Condiciones de Venta continental tapetes y alfombras s.a.s de c.v. Estos T\u00e9rminos y Condiciones rigen la compra de tapetes de entrada personalizados encontinental tapetes y alfombras s.a.s de c.v.. Al realizar un pedido, el cliente acepta las siguientes condiciones: 1. Productos Personalizados Todos nuestros tapetes de entrada personalizados se fabrican bajo pedido, de [&hellip;]<\/p>\n","protected":false},"author":1,"featured_media":0,"parent":0,"menu_order":0,"comment_status":"closed","ping_status":"closed","template":"","meta":{"_et_pb_use_builder":"on","_et_pb_old_content":"","_et_gb_content_width":"","footnotes":""},"jetpack_sharing_enabled":true,"_links":{"self":[{"href":"https:\/\/tapetescontinental.com\/index.php\/wp-json\/wp\/v2\/pages\/1243"}],"collection":[{"href":"https:\/\/tapetescontinental.com\/index.php\/wp-json\/wp\/v2\/pages"}],"about":[{"href":"https:\/\/tapetescontinental.com\/index.php\/wp-json\/wp\/v2\/types\/page"}],"author":[{"embeddable":true,"href":"https:\/\/tapetescontinental.com\/index.php\/wp-json\/wp\/v2\/users\/1"}],"replies":[{"embeddable":true,"href":"https:\/\/tapetescontinental.com\/index.php\/wp-json\/wp\/v2\/comments?post=1243"}],"version-history":[{"count":6,"href":"https:\/\/tapetescontinental.com\/index.php\/wp-json\/wp\/v2\/pages\/1243\/revisions"}],"predecessor-version":[{"id":1304,"href":"https:\/\/tapetescontinental.com\/index.php\/wp-json\/wp\/v2\/pages\/1243\/revisions\/1304"}],"wp:attachment":[{"href":"https:\/\/tapetescontinental.com\/index.php\/wp-json\/wp\/v2\/media?parent=1243"}],"curies":[{"name":"wp","href":"https:\/\/api.w.org\/{rel}","templated":true}]}}