{"id":1232,"date":"2025-01-25T07:22:09","date_gmt":"2025-01-25T07:22:09","guid":{"rendered":"https:\/\/tapetescontinental.com\/?post_type=product&#038;p=1232"},"modified":"2025-01-25T07:32:03","modified_gmt":"2025-01-25T07:32:03","slug":"tapete-de-entrada-uso-rudo-de-90-x-60-cm","status":"publish","type":"product","link":"https:\/\/tapetescontinental.com\/index.php\/product\/tapete-de-entrada-uso-rudo-de-90-x-60-cm\/","title":{"rendered":"Tapete De Entrada Uso Rudo De 90 X 60 Cm"},"content":{"rendered":"<p>[et_pb_section fb_built=&#8221;1&#8243; _builder_version=&#8221;4.21.0&#8243; custom_padding=&#8221;0px||||false|false&#8221; hover_enabled=&#8221;0&#8243; global_colors_info=&#8221;{}&#8221; sticky_enabled=&#8221;0&#8243;][et_pb_row _builder_version=&#8221;4.16&#8243; background_size=&#8221;initial&#8221; background_position=&#8221;top_left&#8221; background_repeat=&#8221;repeat&#8221; width=&#8221;100%&#8221; custom_padding=&#8221;0px||0px||false|false&#8221; global_colors_info=&#8221;{}&#8221;][et_pb_column type=&#8221;4_4&#8243; _builder_version=&#8221;4.16&#8243; custom_padding=&#8221;|||&#8221; global_colors_info=&#8221;{}&#8221; custom_padding__hover=&#8221;|||&#8221;][et_pb_wc_breadcrumb _builder_version=&#8221;4.16&#8243; global_colors_info=&#8221;{}&#8221;][\/et_pb_wc_breadcrumb][et_pb_wc_cart_notice _builder_version=&#8221;4.21.0&#8243; hover_enabled=&#8221;0&#8243; global_colors_info=&#8221;{}&#8221; custom_button=&#8221;on&#8221; button_text_color=&#8221;#000000&#8243; button_border_width=&#8221;3px&#8221; sticky_enabled=&#8221;0&#8243; title_text_color=&#8221;#000000&#8243; title_font=&#8221;Times New Roman||||||||&#8221; title_font_size=&#8221;19px&#8221; error_text_color=&#8221;#000000&#8243; button_bg_color=&#8221;#FFFFFF&#8221; button_bg_enable_color=&#8221;on&#8221;][\/et_pb_wc_cart_notice][\/et_pb_column][\/et_pb_row][et_pb_row column_structure=&#8221;1_2,1_2&#8243; _builder_version=&#8221;4.16&#8243; background_size=&#8221;initial&#8221; background_position=&#8221;top_left&#8221; background_repeat=&#8221;repeat&#8221; width=&#8221;100%&#8221; custom_padding=&#8221;0px||||false|false&#8221; global_colors_info=&#8221;{}&#8221;][et_pb_column type=&#8221;1_2&#8243; _builder_version=&#8221;4.16&#8243; custom_padding=&#8221;|||&#8221; global_colors_info=&#8221;{}&#8221; custom_padding__hover=&#8221;|||&#8221;][et_pb_wc_images _builder_version=&#8221;4.21.0&#8243; hover_enabled=&#8221;0&#8243; global_colors_info=&#8221;{}&#8221; sale_badge_color=&#8221;#000000&#8243; border_color_all_image=&#8221;RGBA(255,255,255,0)&#8221; sticky_enabled=&#8221;0&#8243;][\/et_pb_wc_images][\/et_pb_column][et_pb_column type=&#8221;1_2&#8243; _builder_version=&#8221;4.16&#8243; custom_padding=&#8221;|||&#8221; global_colors_info=&#8221;{}&#8221; custom_padding__hover=&#8221;|||&#8221;][et_pb_wc_title _builder_version=&#8221;4.16&#8243; global_colors_info=&#8221;{}&#8221;][\/et_pb_wc_title][et_pb_wc_rating _builder_version=&#8221;4.21.0&#8243; hover_enabled=&#8221;0&#8243; global_colors_info=&#8221;{}&#8221; rating_text_color=&#8221;#000000&#8243; body_text_color=&#8221;#000000&#8243; sticky_enabled=&#8221;0&#8243;][\/et_pb_wc_rating][et_pb_wc_price _builder_version=&#8221;4.21.0&#8243; hover_enabled=&#8221;0&#8243; global_colors_info=&#8221;{}&#8221; sale_price_text_color=&#8221;#000000&#8243; sticky_enabled=&#8221;0&#8243;][\/et_pb_wc_price][et_pb_wc_description _builder_version=&#8221;4.16&#8243; global_colors_info=&#8221;{}&#8221;][\/et_pb_wc_description][et_pb_wc_add_to_cart _builder_version=&#8221;4.21.0&#8243; hover_enabled=&#8221;0&#8243; global_colors_info=&#8221;{}&#8221; custom_button=&#8221;on&#8221; button_text_color=&#8221;#000000&#8243; fields_background_color=&#8221;#FFFFFF&#8221; fields_text_color=&#8221;#000000&#8243; fields_focus_background_color=&#8221;#FFFFFF&#8221; fields_focus_text_color=&#8221;#FFFFFF&#8221; border_radii_fields=&#8221;on|4px|4px|4px|4px&#8221; fields_font=&#8221;Times New Roman||||||||&#8221; border_width_all_fields=&#8221;2px&#8221; sticky_enabled=&#8221;0&#8243;][\/et_pb_wc_add_to_cart][et_pb_wc_meta _builder_version=&#8221;4.16&#8243; global_colors_info=&#8221;{}&#8221;][\/et_pb_wc_meta][\/et_pb_column][\/et_pb_row][et_pb_row _builder_version=&#8221;4.16&#8243; background_size=&#8221;initial&#8221; background_position=&#8221;top_left&#8221; background_repeat=&#8221;repeat&#8221; width=&#8221;100%&#8221; global_colors_info=&#8221;{}&#8221;][et_pb_column type=&#8221;4_4&#8243; _builder_version=&#8221;4.16&#8243; custom_padding=&#8221;|||&#8221; global_colors_info=&#8221;{}&#8221; custom_padding__hover=&#8221;|||&#8221;][et_pb_wc_tabs _builder_version=&#8221;4.16&#8243; global_colors_info=&#8221;{}&#8221;]\t\t\t\t\t[\/et_pb_wc_tabs][et_pb_wc_upsells _builder_version=&#8221;4.16&#8243; global_colors_info=&#8221;{}&#8221;][\/et_pb_wc_upsells][et_pb_wc_related_products _builder_version=&#8221;4.16&#8243; global_colors_info=&#8221;{}&#8221;][\/et_pb_wc_related_products][\/et_pb_column][\/et_pb_row][\/et_pb_section]<\/p>\n","protected":false},"excerpt":{"rendered":"<p>Con el tapete de entrada de Tapetes Continental, no solo est\u00e1s eligiendo un producto de calidad, sino tambi\u00e9n una soluci\u00f3n pr\u00e1ctica que mejora la experiencia de quienes ingresan a tus espacios. Aporta un toque de funcionalidad y estilo a tus entradas, asegurando que cada paso cuente.<\/p>\n","protected":false},"featured_media":1233,"comment_status":"open","ping_status":"closed","template":"","meta":{"_et_pb_use_builder":"on","_et_pb_old_content":"El tapete de entrada de uso rudo de 90 x 60 cm de Tapetes Continental es la soluci\u00f3n ideal para quienes buscan funcionalidad y durabilidad. Fabricado en polipropileno, este modelo de la l\u00ednea alfombra est\u00e1 dise\u00f1ado para resistir el desgaste diario, manteniendo su apariencia y eficacia en la limpieza de zapatos. Su versatilidad permite su uso tanto en interiores como en exteriores, adapt\u00e1ndose a diferentes ambientes y necesidades.\r\n\r\n-Si Facturamos, al momento de realizar la compra env\u00edanos mensaje con tus datos de facturaci\u00f3n\r\n-Medidas personalizadas, solic\u00edtala en los comentarios para realizar el link de compra por mercado libre\r\n\r\nEste tapete no solo es pr\u00e1ctico, sino que tambi\u00e9n contribuye a la higiene de los espacios, evitando la entrada de suciedad y humedad en el hogar o la oficina. Su dise\u00f1o robusto y resistente asegura que se mantenga en su lugar, ofreciendo una superficie segura y confiable para todos los que lo utilizan.\r\n\r\nIdeal para entradas de casas, oficinas, comercios, empresas, industrias y cualquier lugar de alto tr\u00e1nsito, este tapete es una inversi\u00f3n inteligente para quienes valoran la limpieza y el orden. Su tama\u00f1o compacto lo hace f\u00e1cil de colocar y limpiar, garantizando que siempre luzca impecable.\r\n\r\nCon el tapete de entrada de Tapetes Continental, no solo est\u00e1s eligiendo un producto de calidad, sino tambi\u00e9n una soluci\u00f3n pr\u00e1ctica que mejora la experiencia de quienes ingresan a tus espacios. Aporta un toque de funcionalidad y estilo a tus entradas, asegurando que cada paso cuente.","_et_gb_content_width":""},"product_cat":[28],"product_tag":[],"jetpack_sharing_enabled":true,"_links":{"self":[{"href":"https:\/\/tapetescontinental.com\/index.php\/wp-json\/wp\/v2\/product\/1232"}],"collection":[{"href":"https:\/\/tapetescontinental.com\/index.php\/wp-json\/wp\/v2\/product"}],"about":[{"href":"https:\/\/tapetescontinental.com\/index.php\/wp-json\/wp\/v2\/types\/product"}],"replies":[{"embeddable":true,"href":"https:\/\/tapetescontinental.com\/index.php\/wp-json\/wp\/v2\/comments?post=1232"}],"wp:featuredmedia":[{"embeddable":true,"href":"https:\/\/tapetescontinental.com\/index.php\/wp-json\/wp\/v2\/media\/1233"}],"wp:attachment":[{"href":"https:\/\/tapetescontinental.com\/index.php\/wp-json\/wp\/v2\/media?parent=1232"}],"wp:term":[{"taxonomy":"product_cat","embeddable":true,"href":"https:\/\/tapetescontinental.com\/index.php\/wp-json\/wp\/v2\/product_cat?post=1232"},{"taxonomy":"product_tag","embeddable":true,"href":"https:\/\/tapetescontinental.com\/index.php\/wp-json\/wp\/v2\/product_tag?post=1232"}],"curies":[{"name":"wp","href":"https:\/\/api.w.org\/{rel}","templated":true}]}}