{"id":739,"date":"2023-06-19T23:15:23","date_gmt":"2023-06-19T23:15:23","guid":{"rendered":"https:\/\/tapetescontinental.com\/?post_type=product&#038;p=739"},"modified":"2025-01-25T07:10:07","modified_gmt":"2025-01-25T07:10:07","slug":"tapete-100-x-60-cm","status":"publish","type":"product","link":"https:\/\/tapetescontinental.com\/index.php\/product\/tapete-100-x-60-cm\/","title":{"rendered":"Tapete 100 x 60 cm"},"content":{"rendered":"<p>[et_pb_section fb_built=&#8221;1&#8243; _builder_version=&#8221;4.21.0&#8243; background_color=&#8221;#FFFFFF&#8221; custom_padding=&#8221;0px||||false|false&#8221; global_colors_info=&#8221;{}&#8221;][et_pb_row _builder_version=&#8221;4.16&#8243; background_size=&#8221;initial&#8221; background_position=&#8221;top_left&#8221; background_repeat=&#8221;repeat&#8221; width=&#8221;100%&#8221; custom_padding=&#8221;0px||0px||false|false&#8221; global_colors_info=&#8221;{}&#8221;][et_pb_column type=&#8221;4_4&#8243; _builder_version=&#8221;4.16&#8243; custom_padding=&#8221;|||&#8221; global_colors_info=&#8221;{}&#8221; custom_padding__hover=&#8221;|||&#8221;][et_pb_wc_breadcrumb breadcrumb_home_text=&#8221;Inicio&#8221; _builder_version=&#8221;4.21.0&#8243; custom_padding=&#8221;27px||9px|||&#8221; global_colors_info=&#8221;{}&#8221;][\/et_pb_wc_breadcrumb][et_pb_wc_cart_notice _builder_version=&#8221;4.21.0&#8243; title_text_color=&#8221;#FFFFFF&#8221; title_font_size=&#8221;22px&#8221; title_line_height=&#8221;1.3em&#8221; content_text_align=&#8221;left&#8221; background_color=&#8221;#00036d&#8221; custom_button=&#8221;on&#8221; button_text_color=&#8221;#FFFFFF&#8221; button_bg_color=&#8221;#E02B20&#8243; button_border_radius=&#8221;5px&#8221; custom_padding=&#8221;17px|15px|16px|15px|false|false&#8221; title_font_size_tablet=&#8221;22px&#8221; title_font_size_phone=&#8221;16px&#8221; title_font_size_last_edited=&#8221;on|phone&#8221; content_text_align_tablet=&#8221;left&#8221; content_text_align_phone=&#8221;left&#8221; content_text_align_last_edited=&#8221;on|phone&#8221; global_colors_info=&#8221;{}&#8221;][\/et_pb_wc_cart_notice][\/et_pb_column][\/et_pb_row][et_pb_row column_structure=&#8221;1_2,1_2&#8243; _builder_version=&#8221;4.21.0&#8243; background_size=&#8221;initial&#8221; background_position=&#8221;top_left&#8221; background_repeat=&#8221;repeat&#8221; width=&#8221;100%&#8221; custom_padding=&#8221;0px||||false|false&#8221; global_colors_info=&#8221;{}&#8221;][et_pb_column type=&#8221;1_2&#8243; _builder_version=&#8221;4.21.0&#8243; custom_padding=&#8221;|||&#8221; global_colors_info=&#8221;{}&#8221; custom_padding__hover=&#8221;|||&#8221;][et_pb_wc_images show_sale_badge=&#8221;off&#8221; sale_badge_color=&#8221;#0C71C3&#8243; _builder_version=&#8221;4.21.0&#8243; custom_margin=&#8221;-8px||||false|false&#8221; global_colors_info=&#8221;{}&#8221;][\/et_pb_wc_images][\/et_pb_column][et_pb_column type=&#8221;1_2&#8243; _builder_version=&#8221;4.21.0&#8243; custom_padding=&#8221;|||&#8221; global_colors_info=&#8221;{}&#8221; custom_padding__hover=&#8221;|||&#8221;][et_pb_wc_title _builder_version=&#8221;4.21.0&#8243; header_font=&#8221;Cinzel||||||||&#8221; header_font_size=&#8221;35px&#8221; header_text_align_tablet=&#8221;&#8221; header_text_align_phone=&#8221;center&#8221; header_text_align_last_edited=&#8221;on|phone&#8221; global_colors_info=&#8221;{}&#8221;][\/et_pb_wc_title][et_pb_wc_rating _builder_version=&#8221;4.21.0&#8243; global_colors_info=&#8221;{}&#8221;][\/et_pb_wc_rating][et_pb_wc_price _builder_version=&#8221;4.21.0&#8243; sale_price_text_color=&#8221;#0C71C3&#8243; custom_margin_tablet=&#8221;&#8221; custom_margin_phone=&#8221;|||63px|false|false&#8221; custom_margin_last_edited=&#8221;on|phone&#8221; global_colors_info=&#8221;{}&#8221;][\/et_pb_wc_price][et_pb_wc_description _builder_version=&#8221;4.21.0&#8243; custom_margin_tablet=&#8221;&#8221; custom_margin_phone=&#8221;|||11px|false|false&#8221; custom_margin_last_edited=&#8221;on|phone&#8221; custom_padding=&#8221;|||2px||&#8221; body_font_size_tablet=&#8221;&#8221; body_font_size_phone=&#8221;13px&#8221; body_font_size_last_edited=&#8221;on|phone&#8221; global_colors_info=&#8221;{}&#8221;][\/et_pb_wc_description][et_pb_wc_add_to_cart _builder_version=&#8221;4.21.0&#8243; fields_background_color=&#8221;#E02B20&#8243; fields_text_color=&#8221;#FFFFFF&#8221; fields_focus_background_color=&#8221;#FFFFFF&#8221; fields_focus_text_color=&#8221;#FFFFFF&#8221; fields_custom_margin=&#8221;0px||||false|false&#8221; fields_custom_padding=&#8221;0px||||false|false&#8221; dropdown_menus_background_color=&#8221;#FFFFFF&#8221; fields_font=&#8221;|600|||||||&#8221; fields_text_align=&#8221;center&#8221; custom_button=&#8221;on&#8221; button_bg_color=&#8221;#023472&#8243; button_border_radius=&#8221;12px&#8221; button_letter_spacing=&#8221;0px&#8221; border_radii_fields=&#8221;on|10px|10px|10px|10px&#8221; global_colors_info=&#8221;{}&#8221;][\/et_pb_wc_add_to_cart][et_pb_wc_meta _builder_version=&#8221;4.21.0&#8243; global_colors_info=&#8221;{}&#8221;][\/et_pb_wc_meta][\/et_pb_column][\/et_pb_row][et_pb_row _builder_version=&#8221;4.16&#8243; background_size=&#8221;initial&#8221; background_position=&#8221;top_left&#8221; background_repeat=&#8221;repeat&#8221; width=&#8221;100%&#8221; global_colors_info=&#8221;{}&#8221;][et_pb_column type=&#8221;4_4&#8243; _builder_version=&#8221;4.16&#8243; custom_padding=&#8221;|||&#8221; global_colors_info=&#8221;{}&#8221; custom_padding__hover=&#8221;|||&#8221;][et_pb_wc_tabs include_tabs=&#8221;|reviews&#8221; _builder_version=&#8221;4.21.0&#8243; global_colors_info=&#8221;{}&#8221;]\t\t\t\t\t[\/et_pb_wc_tabs][et_pb_wc_upsells _builder_version=&#8221;4.16&#8243; global_colors_info=&#8221;{}&#8221;][\/et_pb_wc_upsells][et_pb_wc_related_products sale_badge_color=&#8221;#E02B20&#8243; _builder_version=&#8221;4.21.0&#8243; sale_badge_custom_margin=&#8221;-16px|0px|0px|0px|false|false&#8221; custom_margin=&#8221;|||0px|false|false&#8221; custom_margin_tablet=&#8221;|||0px|false|false&#8221; custom_margin_phone=&#8221;|||8px|false|false&#8221; custom_margin_last_edited=&#8221;on|phone&#8221; title_font_size_tablet=&#8221;&#8221; title_font_size_phone=&#8221;26px&#8221; title_font_size_last_edited=&#8221;on|phone&#8221; product_title_font_size_tablet=&#8221;&#8221; product_title_font_size_phone=&#8221;18px&#8221; product_title_font_size_last_edited=&#8221;on|phone&#8221; sale_badge_font_size_tablet=&#8221;&#8221; sale_badge_font_size_phone=&#8221;13px&#8221; sale_badge_font_size_last_edited=&#8221;on|phone&#8221; global_colors_info=&#8221;{}&#8221;][\/et_pb_wc_related_products][\/et_pb_column][\/et_pb_row][\/et_pb_section][et_pb_section fb_built=&#8221;1&#8243; _builder_version=&#8221;4.21.0&#8243; _module_preset=&#8221;default&#8221; global_colors_info=&#8221;{}&#8221;][\/et_pb_section]<\/p>\n","protected":false},"excerpt":{"rendered":"<p><strong>Tapete personalizado con tu marca y dise\u00f1o, fabricado con materiales de la m\u00e1s alta calidad.<\/strong><\/p>\n<ul>\n<li>Ideal para exteriores<\/li>\n<li>Fabricado por vulcanizaci\u00f3n<\/li>\n<li>Dise\u00f1ado para Trafico Pesado<\/li>\n<li>Resistencia a cualquier clima<\/li>\n<li>Rizo vinilo de alta calidad<\/li>\n<\/ul>\n<p><strong><em>DESPUES DE REALIZAR LA COMPRA CONTACTANOS A NUESTRO WHATSAPP<\/em><\/strong><br \/>\npara realizar un dise\u00f1o de como se ver\u00eda tu tapete ya en f\u00edsico con tu marca.<\/p>\n","protected":false},"featured_media":1102,"comment_status":"open","ping_status":"closed","template":"","meta":{"_et_pb_use_builder":"on","_et_pb_old_content":"","_et_gb_content_width":""},"product_cat":[25],"product_tag":[],"jetpack_sharing_enabled":true,"_links":{"self":[{"href":"https:\/\/tapetescontinental.com\/index.php\/wp-json\/wp\/v2\/product\/739"}],"collection":[{"href":"https:\/\/tapetescontinental.com\/index.php\/wp-json\/wp\/v2\/product"}],"about":[{"href":"https:\/\/tapetescontinental.com\/index.php\/wp-json\/wp\/v2\/types\/product"}],"replies":[{"embeddable":true,"href":"https:\/\/tapetescontinental.com\/index.php\/wp-json\/wp\/v2\/comments?post=739"}],"wp:featuredmedia":[{"embeddable":true,"href":"https:\/\/tapetescontinental.com\/index.php\/wp-json\/wp\/v2\/media\/1102"}],"wp:attachment":[{"href":"https:\/\/tapetescontinental.com\/index.php\/wp-json\/wp\/v2\/media?parent=739"}],"wp:term":[{"taxonomy":"product_cat","embeddable":true,"href":"https:\/\/tapetescontinental.com\/index.php\/wp-json\/wp\/v2\/product_cat?post=739"},{"taxonomy":"product_tag","embeddable":true,"href":"https:\/\/tapetescontinental.com\/index.php\/wp-json\/wp\/v2\/product_tag?post=739"}],"curies":[{"name":"wp","href":"https:\/\/api.w.org\/{rel}","templated":true}]}}